{"id":14,"date":"2025-04-22T15:59:15","date_gmt":"2025-04-22T15:59:15","guid":{"rendered":"https:\/\/kallforswaterfront.se\/?page_id=14"},"modified":"2025-06-26T02:54:13","modified_gmt":"2025-06-26T02:54:13","slug":"silverstorm","status":"publish","type":"page","link":"https:\/\/kallforswaterfront.se\/","title":{"rendered":"Front Page"},"content":{"rendered":"<div data-colibri-id=\"14-c1\" class=\"style-185 style-local-14-c1 position-relative\">\n  <!---->\n  <div data-colibri-component=\"section\" data-colibri-id=\"14-c2\" id=\"overlappable\" class=\"h-section h-section-global-spacing d-flex align-items-lg-center align-items-md-center align-items-center style-189 style-local-14-c2 position-relative\">\n    <!---->\n    <!---->\n    <div class=\"h-section-grid-container h-section-boxed-container\">\n      <!---->\n      <div data-colibri-id=\"14-c3\" class=\"h-row-container gutters-row-lg-2 gutters-row-md-0 gutters-row-2 gutters-row-v-lg-2 gutters-row-v-md-0 gutters-row-v-2 style-190 style-local-14-c3 position-relative\">\n        <!---->\n        <div class=\"h-row justify-content-lg-center justify-content-md-center justify-content-center align-items-lg-stretch align-items-md-stretch align-items-stretch gutters-col-lg-2 gutters-col-md-0 gutters-col-2 gutters-col-v-lg-2 gutters-col-v-md-0 gutters-col-v-2\">\n          <!---->\n          <div class=\"h-column h-column-container d-flex h-col-lg-4 h-col-md-4 h-col-12 style-191-outer style-local-14-c4-outer\">\n            <div data-colibri-id=\"14-c4\" class=\"d-flex h-flex-basis h-column__inner h-px-lg-2 h-px-md-3 h-px-2 v-inner-lg-0 v-inner-md-3 v-inner-2 style-191 style-local-14-c4 position-relative\">\n              <!---->\n              <!---->\n              <div class=\"w-100 h-y-container h-column__content h-column__v-align flex-basis-100 align-self-lg-start align-self-md-start align-self-start\">\n                <!---->\n                <div data-colibri-id=\"14-c5\" class=\"h-icon style-192 style-local-14-c5 position-relative h-element\">\n                  <!----><span class=\"h-svg-icon h-icon__icon style-192-icon style-local-14-c5-icon\"><!--Icon by Font Awesome (https:\/\/fontawesome.com)-->\n    <svg version=\"1.1\" xmlns=\"http:\/\/www.w3.org\/2000\/svg\" xmlns:xlink=\"http:\/\/www.w3.org\/1999\/xlink\" id=\"heart\" viewBox=\"0 0 1792 1896.0833\">\n      <path d=\"M896 1664q-26 0-44-18l-624-602q-10-8-27.5-26T145 952.5 77 855 23.5 734 0 596q0-220 127-344t351-124q62 0 126.5 21.5t120 58T820 276t76 68q36-36 76-68t95.5-68.5 120-58T1314 128q224 0 351 124t127 344q0 221-229 450l-623 600q-18 18-44 18z\"><\/path>\n    <\/svg><\/span><\/div>\n                <div data-colibri-id=\"14-c6\" class=\"h-global-transition-all h-heading style-193 style-local-14-c6 position-relative h-element\">\n                  <!---->\n                  <div class=\"h-heading__outer style-193 style-local-14-c6\">\n                    <!---->\n                    <!---->\n                    <h5 class=\"\">flerbostadshus<\/h5>\n                  <\/div>\n                <\/div>\n                <div data-colibri-id=\"14-c7\" class=\"h-text h-text-component style-194 style-local-14-c7 position-relative h-element\">\n                  <!---->\n                  <!---->\n                  <div class=\"\">\n                    <p><span style=\"font-weight: 400; font-size: 16px; font-family: &quot;Didact Gothic&quot;; color: rgb(113, 113, 117);\">med l\u00e4genheterna f\u00f6r uthyrning &nbsp;<\/span><\/p>\n                  <\/div>\n                <\/div>\n              <\/div>\n            <\/div>\n          <\/div>\n          <div class=\"h-column h-column-container d-flex h-col-lg-4 h-col-md-4 h-col-12 style-191-outer style-local-14-c8-outer\">\n            <div data-colibri-id=\"14-c8\" class=\"d-flex h-flex-basis h-column__inner h-px-lg-2 h-px-md-3 h-px-2 v-inner-lg-0 v-inner-md-3 v-inner-2 style-191 style-local-14-c8 position-relative\">\n              <!---->\n              <!---->\n              <div class=\"w-100 h-y-container h-column__content h-column__v-align flex-basis-100 align-self-lg-start align-self-md-start align-self-start\">\n                <!---->\n                <div data-colibri-id=\"14-c9\" class=\"h-icon style-192 style-local-14-c9 position-relative h-element\">\n                  <!----><span class=\"h-svg-icon h-icon__icon style-192-icon style-local-14-c9-icon\"><!--Icon by Font Awesome (https:\/\/fontawesome.com)-->\n    <svg version=\"1.1\" xmlns=\"http:\/\/www.w3.org\/2000\/svg\" xmlns:xlink=\"http:\/\/www.w3.org\/1999\/xlink\" id=\"map-marker\" viewBox=\"0 0 1049.8953 1896.0833\">\n      <path d=\"M768 640q0-106-75-181t-181-75-181 75-75 181 75 181 181 75 181-75 75-181zm256 0q0 109-33 179l-364 774q-16 33-47.5 52t-67.5 19-67.5-19-46.5-52L33 819Q0 749 0 640q0-212 150-362t362-150 362 150 150 362z\"><\/path>\n    <\/svg><\/span><\/div>\n                <div data-colibri-id=\"14-c10\" class=\"h-global-transition-all h-heading style-193 style-local-14-c10 position-relative h-element\">\n                  <!---->\n                  <div class=\"h-heading__outer style-193 style-local-14-c10\">\n                    <!---->\n                    <!---->\n                    <h5 class=\"\">kallfors norra<\/h5>\n                  <\/div>\n                <\/div>\n                <div data-colibri-id=\"14-c11\" class=\"h-text h-text-component style-194 style-local-14-c11 position-relative h-element\">\n                  <!---->\n                  <!---->\n                  <div class=\"\">\n                    <p>Pias v\u00e4g 2<\/p>\n                  <\/div>\n                <\/div>\n              <\/div>\n            <\/div>\n          <\/div>\n          <div class=\"h-column h-column-container d-flex h-col-lg-4 h-col-md-4 h-col-12 style-191-outer style-local-14-c12-outer\">\n            <div data-colibri-id=\"14-c12\" class=\"d-flex h-flex-basis h-column__inner h-px-lg-2 h-px-md-3 h-px-2 v-inner-lg-0 v-inner-md-3 v-inner-2 style-191 style-local-14-c12 position-relative\">\n              <!---->\n              <!---->\n              <div class=\"w-100 h-y-container h-column__content h-column__v-align flex-basis-100 align-self-lg-start align-self-md-start align-self-start\">\n                <!---->\n                <div data-colibri-id=\"14-c13\" class=\"h-icon style-192 style-local-14-c13 position-relative h-element\">\n                  <!----><span class=\"h-svg-icon h-icon__icon style-192-icon style-local-14-c13-icon\"><!--Icon by Socicon (http:\/\/www.socicon.com)--><svg version=\"1.1\" xmlns=\"http:\/\/www.w3.org\/2000\/svg\" viewBox=\"0 0 1500 1500\">\n\n<path d=\"M1309.57 445.313c105.469 0 187.5-84.961 187.5-187.5s-82.031-187.5-187.5-187.5c-102.539 0-184.57 84.961-184.57 187.5s82.031 187.5 184.57 187.5zM1309.57 562.5c-102.539 0-184.57 84.961-184.57 187.5s82.031 187.5 184.57 187.5c105.469 0 187.5-84.961 187.5-187.5s-82.031-187.5-187.5-187.5zM1309.57 1054.688c-102.539 0-184.57 84.961-184.57 187.5s82.031 187.5 184.57 187.5c105.469 0 187.5-84.961 187.5-187.5s-82.031-187.5-187.5-187.5zM744.141 70.313c-102.539 0-187.5 84.961-187.5 187.5s84.961 187.5 187.5 187.5c102.539 0 187.5-84.961 187.5-187.5s-84.961-187.5-187.5-187.5zM744.141 562.5c-102.539 0-187.5 84.961-187.5 187.5s84.961 187.5 187.5 187.5c102.539 0 187.5-84.961 187.5-187.5s-84.961-187.5-187.5-187.5zM184.57 70.313c-102.539 0-187.5 84.961-187.5 187.5s84.961 187.5 187.5 187.5c102.539 0 187.5-84.961 187.5-187.5s-84.961-187.5-187.5-187.5z\"><\/path>\n<\/svg>\n<\/span><\/div>\n                <div data-colibri-id=\"14-c14\" class=\"h-global-transition-all h-heading style-193 style-local-14-c14 position-relative h-element\">\n                  <!---->\n                  <div class=\"h-heading__outer style-193 style-local-14-c14\">\n                    <!---->\n                    <!---->\n                    <h5 class=\"\">S\u00d6RMLANDSLEDEN<\/h5>\n                  <\/div>\n                <\/div>\n                <div data-colibri-id=\"14-c15\" class=\"h-text h-text-component style-194 style-local-14-c15 position-relative h-element\">\n                  <!---->\n                  <!---->\n                  <div class=\"\">\n                    <p>Njut av S\u00f6rmlandsleden<\/p>\n                  <\/div>\n                <\/div>\n              <\/div>\n            <\/div>\n          <\/div>\n        <\/div>\n      <\/div>\n    <\/div>\n  <\/div>\n<\/div>","protected":false},"excerpt":{"rendered":"<p>flerbostadshus med l\u00e4genheterna f\u00f6r uthyrning &nbsp; kallfors norra Pias v\u00e4g 2 S\u00d6RMLANDSLEDEN Njut [&hellip;]<\/p>\n","protected":false},"author":1,"featured_media":0,"parent":0,"menu_order":0,"comment_status":"closed","ping_status":"closed","template":"page-templates\/homepage.php","meta":{"footnotes":""},"class_list":["post-14","page","type-page","status-publish","hentry"],"_links":{"self":[{"href":"https:\/\/kallforswaterfront.se\/index.php?rest_route=\/wp\/v2\/pages\/14","targetHints":{"allow":["GET"]}}],"collection":[{"href":"https:\/\/kallforswaterfront.se\/index.php?rest_route=\/wp\/v2\/pages"}],"about":[{"href":"https:\/\/kallforswaterfront.se\/index.php?rest_route=\/wp\/v2\/types\/page"}],"author":[{"embeddable":true,"href":"https:\/\/kallforswaterfront.se\/index.php?rest_route=\/wp\/v2\/users\/1"}],"replies":[{"embeddable":true,"href":"https:\/\/kallforswaterfront.se\/index.php?rest_route=%2Fwp%2Fv2%2Fcomments&post=14"}],"version-history":[{"count":20,"href":"https:\/\/kallforswaterfront.se\/index.php?rest_route=\/wp\/v2\/pages\/14\/revisions"}],"predecessor-version":[{"id":346,"href":"https:\/\/kallforswaterfront.se\/index.php?rest_route=\/wp\/v2\/pages\/14\/revisions\/346"}],"wp:attachment":[{"href":"https:\/\/kallforswaterfront.se\/index.php?rest_route=%2Fwp%2Fv2%2Fmedia&parent=14"}],"curies":[{"name":"wp","href":"https:\/\/api.w.org\/{rel}","templated":true}]}}